{"id":5237,"date":"2023-02-20T02:40:45","date_gmt":"2023-02-20T01:40:45","guid":{"rendered":"https:\/\/demo.ovatheme.com\/aovis\/?page_id=30"},"modified":"2025-04-28T23:30:22","modified_gmt":"2025-04-28T21:30:22","slug":"about","status":"publish","type":"page","link":"https:\/\/eigakai.de\/?page_id=5237","title":{"rendered":"\u00dcber uns"},"content":{"rendered":"\t\t<div data-elementor-type=\"wp-page\" data-elementor-id=\"5237\" class=\"elementor elementor-5237\">\n\t\t\t\t\t\t\t\t\t<section class=\"elementor-section elementor-top-section elementor-element elementor-element-2b67610 elementor-section-boxed elementor-section-height-default elementor-section-height-default\" data-id=\"2b67610\" data-element_type=\"section\">\n\t\t\t\t\t\t\t<div class=\"elementor-background-overlay\"><\/div>\n\t\t\t\t\t\t\t<div class=\"elementor-container elementor-column-gap-no\">\n\t\t\t\t\t<div class=\"elementor-column elementor-col-100 elementor-top-column elementor-element elementor-element-ce9b9b7\" data-id=\"ce9b9b7\" data-element_type=\"column\">\n\t\t\t<div class=\"elementor-widget-wrap elementor-element-populated\">\n\t\t\t\t\t\t\t\t<div class=\"elementor-element elementor-element-97049ad elementor-widget elementor-widget-aovis_elementor_heading\" data-id=\"97049ad\" data-element_type=\"widget\" data-widget_type=\"aovis_elementor_heading.default\">\n\t\t\t\t<div class=\"elementor-widget-container\">\n\t\t\t\n\t\t<div class=\"ova-heading ova-heading-template1\">\n            \n            <div class=\"icon\">\n            \t\t\t\t\t\t<i aria-hidden=\"true\" class=\"flaticon flaticon-film-roll\"><\/i>\t\t\t\t            <\/div>\n\n\t\t\t<div class=\"top-heading \">\n\t\t\t\t\t\t\t\t\t<h3 class=\"sub-title \"> EIGAKAI - Anime &amp; Matsuri 2025<\/h3>\n\t\t\t\t\n\t\t\t\t\n\t\t\t\t\t\n\t\t\t\t\t\t<h2 class=\"title\">Das sind wir<\/h2>\n\n\t\t\t\t\t\n\t\t\t\t\t\t\t<\/div>\n\n\t\t\t\n\t\t<\/div>\n\t\t \t\n\t\t\t\t<\/div>\n\t\t\t\t<\/div>\n\t\t\t\t<section class=\"elementor-section elementor-inner-section elementor-element elementor-element-f7d1625 elementor-section-full_width elementor-section-height-default elementor-section-height-default\" data-id=\"f7d1625\" data-element_type=\"section\">\n\t\t\t\t\t\t<div class=\"elementor-container elementor-column-gap-default\">\n\t\t\t\t\t<div class=\"elementor-column elementor-col-20 elementor-inner-column elementor-element elementor-element-0d285cb\" data-id=\"0d285cb\" data-element_type=\"column\">\n\t\t\t<div class=\"elementor-widget-wrap elementor-element-populated\">\n\t\t\t\t\t\t\t\t<div class=\"elementor-element elementor-element-861f8ba elementor-widget elementor-widget-aovis_elementor_our_team\" data-id=\"861f8ba\" data-element_type=\"widget\" data-widget_type=\"aovis_elementor_our_team.default\">\n\t\t\t\t<div class=\"elementor-widget-container\">\n\t\t\t\t\t<div class=\"ova-our-team\">\n\n\t\t\t<div class=\"author-image\">\n\n\t\t\t\t<div class=\"background\" \n\t\t\t\t\tstyle=\"background-image: url(https:\/\/demo.ovatheme.com\/aovis\/wp-content\/uploads\/2023\/02\/background-lines-our-team.png);\" \n\t\t\t\t>\t\n\t\t\t\t<\/div>\n\n\t\t\t\t\t\n\n\t\t\t\t\t<img decoding=\"async\" class=\"author\" src=\"https:\/\/eigakai.de\/wp-content\/uploads\/2023\/10\/christina.jpg\" alt=\"\">\n\n\t\t\t\t\n\t\t\t<\/div>\n\t\t\t\n\t\t\t<div class=\"author-info\">\n\t\t\t\t\n\t\t\t\t<div class=\"name-job\">\n\n\t\t\t\t\t\n\t\t\t\t\t\t\t\n\n\t\t\t\t\t\t\t<h3 class=\"name\" >\n\n\t\t\t\t\t\t\t\tChristina Gohl\n\t\t\t\t\t\t\t<\/h3>\n\n\t\t\t\t\t\t\n\t\t\t\t\t\n\n\t\t\t\t\t\t\t\t\t\t\t<p class=\"job\">\n\t\t\t\t\t\t\tEventkoordinatorin\t\t\t\t\t\t<\/p>\n\t\t\t\t\t \n\n\t\t\t\t<\/div>\n\n\t\t\t\t<div class=\"socials\">\n\n\t\t\t\t\t\n\t\t\t\t\t<span class=\"elementor-repeater-item-8453091\">\n\n\t\t\t\t\t\t\n\t\t\t\t\t\t\t<a class=\"icon\" href=\"https:\/\/x.com\/Yozakura_109\"   target=\"_blank\"  \n\t\t\t\t\t\t\t\t>\n\n\t\t\t\t\t\t\t\t<i class=\"fab fa-twitter\"><\/i>\n\n\t\t\t\t\t\t\t<\/a>\n\n\t\t\t\t\t\t\n\t\t\t\t\t<\/span>\n\n\t\t\t\t\t\n\t\t\t\t<\/div>\n\n\t\t\t<\/div>\n\n\t\t<\/div>\n\t\t\t\t<\/div>\n\t\t\t\t<\/div>\n\t\t\t\t\t<\/div>\n\t\t<\/div>\n\t\t\t\t<div class=\"elementor-column elementor-col-20 elementor-inner-column elementor-element elementor-element-e477253\" data-id=\"e477253\" data-element_type=\"column\">\n\t\t\t<div class=\"elementor-widget-wrap elementor-element-populated\">\n\t\t\t\t\t\t\t\t<div class=\"elementor-element elementor-element-84d0383 elementor-widget elementor-widget-aovis_elementor_our_team\" data-id=\"84d0383\" data-element_type=\"widget\" data-widget_type=\"aovis_elementor_our_team.default\">\n\t\t\t\t<div class=\"elementor-widget-container\">\n\t\t\t\t\t<div class=\"ova-our-team\">\n\n\t\t\t<div class=\"author-image\">\n\n\t\t\t\t<div class=\"background\" \n\t\t\t\t\tstyle=\"background-image: url(https:\/\/demo.ovatheme.com\/aovis\/wp-content\/uploads\/2023\/02\/background-lines-our-team.png);\" \n\t\t\t\t>\t\n\t\t\t\t<\/div>\n\n\t\t\t\t\t\n\n\t\t\t\t\t<img decoding=\"async\" class=\"author\" src=\"https:\/\/eigakai.de\/wp-content\/uploads\/2023\/10\/michael.jpg\" alt=\"\">\n\n\t\t\t\t\n\t\t\t<\/div>\n\t\t\t\n\t\t\t<div class=\"author-info\">\n\t\t\t\t\n\t\t\t\t<div class=\"name-job\">\n\n\t\t\t\t\t\n\t\t\t\t\t\t\t\n\n\t\t\t\t\t\t\t<h3 class=\"name\" >\n\n\t\t\t\t\t\t\t\tMichael Gohl\n\t\t\t\t\t\t\t<\/h3>\n\n\t\t\t\t\t\t\n\t\t\t\t\t\n\n\t\t\t\t\t\t\t\t\t\t\t<p class=\"job\">\n\t\t\t\t\t\t\tProduktmanager\t\t\t\t\t\t<\/p>\n\t\t\t\t\t \n\n\t\t\t\t<\/div>\n\n\t\t\t\t<div class=\"socials\">\n\n\t\t\t\t\t\n\t\t\t\t\t<span class=\"elementor-repeater-item-bbfc6e3\">\n\n\t\t\t\t\t\t\n\t\t\t\t\t\t\t<a class=\"icon\" href=\"#\"   target=\"_blank\"  \n\t\t\t\t\t\t\t\t>\n\n\t\t\t\t\t\t\t\t<i class=\"ovaicon ovaicon-cancel\"><\/i>\n\n\t\t\t\t\t\t\t<\/a>\n\n\t\t\t\t\t\t\n\t\t\t\t\t<\/span>\n\n\t\t\t\t\t\n\t\t\t\t<\/div>\n\n\t\t\t<\/div>\n\n\t\t<\/div>\n\t\t\t\t<\/div>\n\t\t\t\t<\/div>\n\t\t\t\t\t<\/div>\n\t\t<\/div>\n\t\t\t\t<div class=\"elementor-column elementor-col-20 elementor-inner-column elementor-element elementor-element-7aea1ac\" data-id=\"7aea1ac\" data-element_type=\"column\">\n\t\t\t<div class=\"elementor-widget-wrap elementor-element-populated\">\n\t\t\t\t\t\t\t\t<div class=\"elementor-element elementor-element-da5bdf2 elementor-widget elementor-widget-aovis_elementor_our_team\" data-id=\"da5bdf2\" data-element_type=\"widget\" data-widget_type=\"aovis_elementor_our_team.default\">\n\t\t\t\t<div class=\"elementor-widget-container\">\n\t\t\t\t\t<div class=\"ova-our-team\">\n\n\t\t\t<div class=\"author-image\">\n\n\t\t\t\t<div class=\"background\" \n\t\t\t\t\tstyle=\"background-image: url(https:\/\/demo.ovatheme.com\/aovis\/wp-content\/uploads\/2023\/02\/background-lines-our-team.png);\" \n\t\t\t\t>\t\n\t\t\t\t<\/div>\n\n\t\t\t\t\t\n\n\t\t\t\t\t<img decoding=\"async\" class=\"author\" src=\"https:\/\/eigakai.de\/wp-content\/uploads\/2025\/04\/domenic_.jpg\" alt=\"\">\n\n\t\t\t\t\n\t\t\t<\/div>\n\t\t\t\n\t\t\t<div class=\"author-info\">\n\t\t\t\t\n\t\t\t\t<div class=\"name-job\">\n\n\t\t\t\t\t\n\t\t\t\t\t\t\t\n\n\t\t\t\t\t\t\t<h3 class=\"name\" >\n\n\t\t\t\t\t\t\t\tDomenic Wassiljew\n\t\t\t\t\t\t\t<\/h3>\n\n\t\t\t\t\t\t\n\t\t\t\t\t\n\n\t\t\t\t\t\t\t\t\t\t\t<p class=\"job\">\n\t\t\t\t\t\t\tLizenz- &amp; Marketingspezialist\t\t\t\t\t\t<\/p>\n\t\t\t\t\t \n\n\t\t\t\t<\/div>\n\n\t\t\t\t<div class=\"socials\">\n\n\t\t\t\t\t\n\t\t\t\t\t<span class=\"elementor-repeater-item-f1d4174\">\n\n\t\t\t\t\t\t\n\t\t\t\t\t\t\t<a class=\"icon\" href=\"https:\/\/x.com\/ItsDimbula\"   target=\"_blank\"  \n\t\t\t\t\t\t\t\t>\n\n\t\t\t\t\t\t\t\t<i class=\"fab fa-twitter\"><\/i>\n\n\t\t\t\t\t\t\t<\/a>\n\n\t\t\t\t\t\t\n\t\t\t\t\t<\/span>\n\n\t\t\t\t\t\n\t\t\t\t<\/div>\n\n\t\t\t<\/div>\n\n\t\t<\/div>\n\t\t\t\t<\/div>\n\t\t\t\t<\/div>\n\t\t\t\t\t<\/div>\n\t\t<\/div>\n\t\t\t\t<div class=\"elementor-column elementor-col-20 elementor-inner-column elementor-element elementor-element-b863a09\" data-id=\"b863a09\" data-element_type=\"column\">\n\t\t\t<div class=\"elementor-widget-wrap elementor-element-populated\">\n\t\t\t\t\t\t\t\t<div class=\"elementor-element elementor-element-2f975f7 elementor-widget elementor-widget-aovis_elementor_our_team\" data-id=\"2f975f7\" data-element_type=\"widget\" data-widget_type=\"aovis_elementor_our_team.default\">\n\t\t\t\t<div class=\"elementor-widget-container\">\n\t\t\t\t\t<div class=\"ova-our-team\">\n\n\t\t\t<div class=\"author-image\">\n\n\t\t\t\t<div class=\"background\" \n\t\t\t\t\tstyle=\"background-image: url(https:\/\/demo.ovatheme.com\/aovis\/wp-content\/uploads\/2023\/02\/background-lines-our-team.png);\" \n\t\t\t\t>\t\n\t\t\t\t<\/div>\n\n\t\t\t\t\t\n\n\t\t\t\t\t<img decoding=\"async\" class=\"author\" src=\"https:\/\/eigakai.de\/wp-content\/uploads\/2023\/10\/jennifer.jpg\" alt=\"\">\n\n\t\t\t\t\n\t\t\t<\/div>\n\t\t\t\n\t\t\t<div class=\"author-info\">\n\t\t\t\t\n\t\t\t\t<div class=\"name-job\">\n\n\t\t\t\t\t\n\t\t\t\t\t\t\t\n\n\t\t\t\t\t\t\t<h3 class=\"name\" >\n\n\t\t\t\t\t\t\t\tJennifer Magerkort\n\t\t\t\t\t\t\t<\/h3>\n\n\t\t\t\t\t\t\n\t\t\t\t\t\n\n\t\t\t\t\t\t\t\t\t\t\t<p class=\"job\">\n\t\t\t\t\t\t\tKoordination &amp; \u00d6ffentlichkeit\t\t\t\t\t\t<\/p>\n\t\t\t\t\t \n\n\t\t\t\t<\/div>\n\n\t\t\t\t<div class=\"socials\">\n\n\t\t\t\t\t\n\t\t\t\t\t<span class=\"elementor-repeater-item-f1d4174\">\n\n\t\t\t\t\t\t\n\t\t\t\t\t\t\t<a class=\"icon\" href=\"https:\/\/x.com\/Tsubomilive\"   target=\"_blank\"  \n\t\t\t\t\t\t\t\t>\n\n\t\t\t\t\t\t\t\t<i class=\"fab fa-twitter\"><\/i>\n\n\t\t\t\t\t\t\t<\/a>\n\n\t\t\t\t\t\t\n\t\t\t\t\t<\/span>\n\n\t\t\t\t\t\n\t\t\t\t\t<span class=\"elementor-repeater-item-9c3c5ed\">\n\n\t\t\t\t\t\t\n\t\t\t\t\t\t\t<a class=\"icon\" href=\"https:\/\/www.instagram.com\/jennymagerkort\/\"   target=\"_blank\"  \n\t\t\t\t\t\t\t\t>\n\n\t\t\t\t\t\t\t\t<i class=\"fab fa-instagram\"><\/i>\n\n\t\t\t\t\t\t\t<\/a>\n\n\t\t\t\t\t\t\n\t\t\t\t\t<\/span>\n\n\t\t\t\t\t\n\t\t\t\t<\/div>\n\n\t\t\t<\/div>\n\n\t\t<\/div>\n\t\t\t\t<\/div>\n\t\t\t\t<\/div>\n\t\t\t\t\t<\/div>\n\t\t<\/div>\n\t\t\t\t<div class=\"elementor-column elementor-col-20 elementor-inner-column elementor-element elementor-element-efac77f\" data-id=\"efac77f\" data-element_type=\"column\">\n\t\t\t<div class=\"elementor-widget-wrap elementor-element-populated\">\n\t\t\t\t\t\t\t\t<div class=\"elementor-element elementor-element-dfa0921 elementor-widget elementor-widget-aovis_elementor_our_team\" data-id=\"dfa0921\" data-element_type=\"widget\" data-widget_type=\"aovis_elementor_our_team.default\">\n\t\t\t\t<div class=\"elementor-widget-container\">\n\t\t\t\t\t<div class=\"ova-our-team\">\n\n\t\t\t<div class=\"author-image\">\n\n\t\t\t\t<div class=\"background\" \n\t\t\t\t\tstyle=\"background-image: url(https:\/\/demo.ovatheme.com\/aovis\/wp-content\/uploads\/2023\/02\/background-lines-our-team.png);\" \n\t\t\t\t>\t\n\t\t\t\t<\/div>\n\n\t\t\t\t\t\n\n\t\t\t\t\t<img decoding=\"async\" class=\"author\" src=\"https:\/\/eigakai.de\/wp-content\/uploads\/2023\/10\/soeren.jpg\" alt=\"\">\n\n\t\t\t\t\n\t\t\t<\/div>\n\t\t\t\n\t\t\t<div class=\"author-info\">\n\t\t\t\t\n\t\t\t\t<div class=\"name-job\">\n\n\t\t\t\t\t\n\t\t\t\t\t\t\t\n\n\t\t\t\t\t\t\t<h3 class=\"name\" >\n\n\t\t\t\t\t\t\t\tS\u00f6ren Magerkort\n\t\t\t\t\t\t\t<\/h3>\n\n\t\t\t\t\t\t\n\t\t\t\t\t\n\n\t\t\t\t\t\t\t\t\t\t\t<p class=\"job\">\n\t\t\t\t\t\t\tCommunity- &amp; PR-Spezialist\t\t\t\t\t\t<\/p>\n\t\t\t\t\t \n\n\t\t\t\t<\/div>\n\n\t\t\t\t<div class=\"socials\">\n\n\t\t\t\t\t\n\t\t\t\t\t<span class=\"elementor-repeater-item-f1d4174\">\n\n\t\t\t\t\t\t\n\t\t\t\t\t\t\t<a class=\"icon\" href=\"https:\/\/x.com\/shinuslaw\"   target=\"_blank\"  \n\t\t\t\t\t\t\t\t>\n\n\t\t\t\t\t\t\t\t<i class=\"fab fa-twitter\"><\/i>\n\n\t\t\t\t\t\t\t<\/a>\n\n\t\t\t\t\t\t\n\t\t\t\t\t<\/span>\n\n\t\t\t\t\t\n\t\t\t\t\t<span class=\"elementor-repeater-item-9c3c5ed\">\n\n\t\t\t\t\t\t\n\t\t\t\t\t\t\t<a class=\"icon\" href=\"https:\/\/www.instagram.com\/shinuslaw\/\"   target=\"_blank\"  \n\t\t\t\t\t\t\t\t>\n\n\t\t\t\t\t\t\t\t<i class=\"fab fa-instagram\"><\/i>\n\n\t\t\t\t\t\t\t<\/a>\n\n\t\t\t\t\t\t\n\t\t\t\t\t<\/span>\n\n\t\t\t\t\t\n\t\t\t\t<\/div>\n\n\t\t\t<\/div>\n\n\t\t<\/div>\n\t\t\t\t<\/div>\n\t\t\t\t<\/div>\n\t\t\t\t\t<\/div>\n\t\t<\/div>\n\t\t\t\t\t\t\t<\/div>\n\t\t<\/section>\n\t\t\t\t\t<\/div>\n\t\t<\/div>\n\t\t\t\t\t\t\t<\/div>\n\t\t<\/section>\n\t\t\t\t<section class=\"elementor-section elementor-top-section elementor-element elementor-element-b05f2a6 elementor-section-boxed elementor-section-height-default elementor-section-height-default\" data-id=\"b05f2a6\" data-element_type=\"section\" data-settings=\"{&quot;background_background&quot;:&quot;classic&quot;}\">\n\t\t\t\t\t\t\t<div class=\"elementor-background-overlay\"><\/div>\n\t\t\t\t\t\t\t<div class=\"elementor-container elementor-column-gap-default\">\n\t\t\t\t\t<div class=\"elementor-column elementor-col-50 elementor-top-column elementor-element elementor-element-633a54c\" data-id=\"633a54c\" data-element_type=\"column\">\n\t\t\t<div class=\"elementor-widget-wrap elementor-element-populated\">\n\t\t\t\t\t\t\t\t<div class=\"elementor-element elementor-element-609a474 elementor-widget elementor-widget-image\" data-id=\"609a474\" data-element_type=\"widget\" data-widget_type=\"image.default\">\n\t\t\t\t<div class=\"elementor-widget-container\">\n\t\t\t<style>\/*! elementor - v3.16.0 - 20-09-2023 *\/\n.elementor-widget-image{text-align:center}.elementor-widget-image a{display:inline-block}.elementor-widget-image a img[src$=\".svg\"]{width:48px}.elementor-widget-image img{vertical-align:middle;display:inline-block}<\/style>\t\t\t\t\t\t\t\t\t\t\t\t<img loading=\"lazy\" decoding=\"async\" width=\"512\" height=\"512\" src=\"https:\/\/eigakai.de\/wp-content\/uploads\/2023\/09\/cropped-Bildmarke@4x.png\" class=\"attachment-large size-large wp-image-5325\" alt=\"\" srcset=\"https:\/\/eigakai.de\/wp-content\/uploads\/2023\/09\/cropped-Bildmarke@4x.png 512w, https:\/\/eigakai.de\/wp-content\/uploads\/2023\/09\/cropped-Bildmarke@4x-300x300.png 300w, https:\/\/eigakai.de\/wp-content\/uploads\/2023\/09\/cropped-Bildmarke@4x-150x150.png 150w, https:\/\/eigakai.de\/wp-content\/uploads\/2023\/09\/cropped-Bildmarke@4x-100x100.png 100w, https:\/\/eigakai.de\/wp-content\/uploads\/2023\/09\/cropped-Bildmarke@4x-270x270.png 270w, https:\/\/eigakai.de\/wp-content\/uploads\/2023\/09\/cropped-Bildmarke@4x-192x192.png 192w, https:\/\/eigakai.de\/wp-content\/uploads\/2023\/09\/cropped-Bildmarke@4x-180x180.png 180w, https:\/\/eigakai.de\/wp-content\/uploads\/2023\/09\/cropped-Bildmarke@4x-32x32.png 32w\" sizes=\"auto, (max-width: 512px) 100vw, 512px\" \/>\t\t\t\t\t\t\t\t\t\t\t\t\t\t\t<\/div>\n\t\t\t\t<\/div>\n\t\t\t\t\t<\/div>\n\t\t<\/div>\n\t\t\t\t<div class=\"elementor-column elementor-col-50 elementor-top-column elementor-element elementor-element-62d01fa\" data-id=\"62d01fa\" data-element_type=\"column\">\n\t\t\t<div class=\"elementor-widget-wrap elementor-element-populated\">\n\t\t\t\t\t\t\t\t<div class=\"elementor-element elementor-element-259763b elementor-widget elementor-widget-aovis_elementor_heading\" data-id=\"259763b\" data-element_type=\"widget\" data-widget_type=\"aovis_elementor_heading.default\">\n\t\t\t\t<div class=\"elementor-widget-container\">\n\t\t\t\n\t\t<div class=\"ova-heading ova-heading-template1\">\n            \n            <div class=\"icon\">\n            \t\t\t\t\t\t<i aria-hidden=\"true\" class=\"flaticon flaticon-film-roll\"><\/i>\t\t\t\t            <\/div>\n\n\t\t\t<div class=\"top-heading \">\n\t\t\t\t\t\t\t\t\t<h3 class=\"sub-title \"> EIGAKAI - Anime &amp; Matsuri 2025<\/h3>\n\t\t\t\t\n\t\t\t\t\n\t\t\t\t\t\n\t\t\t\t\t\t<h2 class=\"title\">Warum machen wir das<\/h2>\n\n\t\t\t\t\t\n\t\t\t\t\t\t\t<\/div>\n\n\t\t\t\t\t\t\t<p class=\"description\">Im M\u00e4rz 2023 kamen f\u00fcnf Anime-Fans zusammen und hatten eine Idee: \u201eWarum gibt es kein Filmfestival nur f\u00fcr Anime in Deutschland?\u201c Aus dieser Frage entstand EIGAKAI \u2013 Anime &amp; Matsuri \u2013 das einzige bundesweite Anime-Kinofestival. Wir lieben Deutschlands Filmfestivals und Anime-Conventions. Da lag der Gedanke nahe, unbekannteren Animefilmen auf der gro\u00dfen Leinwand ein neues Zuhause zu bieten. Neben Filmen, die es sonst nirgends in Deutschland zu sehen gibt, h\u00e4ngen wir an den Geschichten unserer Kindheit und Jugend. Also suchten wir abseits von Kinopremieren auch nach Klassikern f\u00fcr EIGAKAI \u2013 Anime &amp; Matsuri. Wir m\u00f6chten mit EIGAKAI - Anime &amp; Matsuri einen Ort schaffen, an dem Anime-Fans zusammenkommen, um ihre Begeisterung zu teilen und gemeinsam in faszinierende Welten einzutauchen. Wir freuen uns darauf, dich bei uns begr\u00fc\u00dfen zu d\u00fcrfen!\n<\/p>\n\t\t\t\n\t\t<\/div>\n\t\t \t\n\t\t\t\t<\/div>\n\t\t\t\t<\/div>\n\t\t\t\t\t<\/div>\n\t\t<\/div>\n\t\t\t\t\t\t\t<\/div>\n\t\t<\/section>\n\t\t\t\t\t\t\t<\/div>\n\t\t","protected":false},"excerpt":{"rendered":"<p>EIGAKAI &#8211; Anime &amp; Matsuri 2025 Das sind wir Christina Gohl Eventkoordinatorin Michael Gohl Produktmanager Domenic Wassiljew Lizenz- &amp; Marketingspezialist Jennifer Magerkort Koordination &amp; \u00d6ffentlichkeit S\u00f6ren Magerkort Community- &amp; PR-Spezialist EIGAKAI &#8211; Anime &amp; Matsuri 2025 Warum machen wir das Im M\u00e4rz 2023 kamen f\u00fcnf Anime-Fans zusammen und hatten eine Idee: \u201eWarum gibt es kein [&hellip;]<\/p>\n","protected":false},"author":1,"featured_media":0,"parent":0,"menu_order":0,"comment_status":"closed","ping_status":"closed","template":"elementor_header_footer","meta":{"_monsterinsights_skip_tracking":false,"_monsterinsights_sitenote_active":false,"_monsterinsights_sitenote_note":"","_monsterinsights_sitenote_category":0,"footnotes":""},"class_list":["post-5237","page","type-page","status-publish","hentry"],"aioseo_notices":[],"_links":{"self":[{"href":"https:\/\/eigakai.de\/index.php?rest_route=\/wp\/v2\/pages\/5237","targetHints":{"allow":["GET"]}}],"collection":[{"href":"https:\/\/eigakai.de\/index.php?rest_route=\/wp\/v2\/pages"}],"about":[{"href":"https:\/\/eigakai.de\/index.php?rest_route=\/wp\/v2\/types\/page"}],"author":[{"embeddable":true,"href":"https:\/\/eigakai.de\/index.php?rest_route=\/wp\/v2\/users\/1"}],"replies":[{"embeddable":true,"href":"https:\/\/eigakai.de\/index.php?rest_route=%2Fwp%2Fv2%2Fcomments&post=5237"}],"version-history":[{"count":105,"href":"https:\/\/eigakai.de\/index.php?rest_route=\/wp\/v2\/pages\/5237\/revisions"}],"predecessor-version":[{"id":6020,"href":"https:\/\/eigakai.de\/index.php?rest_route=\/wp\/v2\/pages\/5237\/revisions\/6020"}],"wp:attachment":[{"href":"https:\/\/eigakai.de\/index.php?rest_route=%2Fwp%2Fv2%2Fmedia&parent=5237"}],"curies":[{"name":"wp","href":"https:\/\/api.w.org\/{rel}","templated":true}]}}